{"id":420,"date":"2019-12-24T15:16:40","date_gmt":"2019-12-24T15:16:40","guid":{"rendered":"https:\/\/ninetheme.com\/themes\/r-energy\/?page_id=420"},"modified":"2025-02-02T20:31:45","modified_gmt":"2025-02-02T20:31:45","slug":"baskanin-mesaji","status":"publish","type":"page","link":"https:\/\/hesiad.org.tr\/en\/baskanin-mesaji\/","title":{"rendered":"Message from the President"},"content":{"rendered":"<div data-elementor-type=\"wp-page\" data-elementor-id=\"420\" class=\"elementor elementor-420\" data-elementor-post-type=\"page\">\n\t\t\t\t\t\t<div class=\"elementor-section elementor-top-section elementor-element elementor-element-fcb8363 elementor-section-stretched elementor-section-full_width elementor-section-height-default elementor-section-height-default\" data-id=\"fcb8363\" data-element_type=\"section\" data-e-type=\"section\" data-settings=\"{&quot;stretch_section&quot;:&quot;section-stretched&quot;}\">\n\t\t\t\t\t\t<div class=\"elementor-container elementor-column-gap-no\">\n\t\t\t\t\t<div class=\"elementor-column elementor-col-100 elementor-top-column elementor-element elementor-element-29e528ac\" data-id=\"29e528ac\" data-element_type=\"column\" data-e-type=\"column\">\n\t\t\t<div class=\"elementor-widget-wrap elementor-element-populated\">\n\t\t\t\t\t\t<div class=\"elementor-element elementor-element-5054304d elementor-widget elementor-widget-r-energy-page-hero-section\" data-id=\"5054304d\" data-element_type=\"widget\" data-e-type=\"widget\" data-widget_type=\"r-energy-page-hero-section.default\">\n\t\t\t\t<div class=\"elementor-widget-container\">\n\t\t\t\t\t<div class=\"promo-primary\"><div class=\"overlay\"><\/div><picture><source srcset=\"https:\/\/hesiad.org.tr\/wp-content\/uploads\/2024\/08\/HESIAD-Baskani-Elvan-Tugsuz-Guvenjpg.jpg\" media=\"(min-width: 992px)\"\/><img decoding=\"async\" class=\"img-bg\" src=\"https:\/\/hesiad.org.tr\/wp-content\/uploads\/2024\/08\/HESIAD-Baskani-Elvan-Tugsuz-Guvenjpg.jpg\" alt=\"HESIAD-Baskani-Elvan-Tugsuz-Guvenjpg.jpg\"\/><\/picture><div class=\"container\"><div class=\"row\"><div class=\"col-12\"><div class=\"align-container\"><div class=\"align-item\"><span class=\"site__name\">Hesiad<\/span><h1 class=\"title\">Message from the President<\/h1><\/div><\/div><\/div><\/div><\/div><\/div>\t\t\t\t<\/div>\n\t\t\t\t<\/div>\n\t\t\t\t\t<\/div>\n\t\t<\/div>\n\t\t\t\t\t<\/div>\n\t\t<\/div>\n\t\t<div class=\"elementor-element elementor-element-7f0d6ff e-con-full e-flex e-con e-parent\" data-id=\"7f0d6ff\" data-element_type=\"container\" data-e-type=\"container\">\n\t\t\t\t<div class=\"elementor-element elementor-element-237fe40 elementor-widget elementor-widget-r-energy-testimonials-one-section\" data-id=\"237fe40\" data-element_type=\"widget\" data-e-type=\"widget\" data-widget_type=\"r-energy-testimonials-one-section.default\">\n\t\t\t\t<div class=\"elementor-widget-container\">\n\t\t\t\t\t<div class=\"testimonials testimonials--primary\"><div class=\"slider-holder\"><div class=\"wrapper\"><div class=\"container\"><div class=\"row align-items-end\"><div class=\"col-xl-9 col-md-8\"><div class=\"testimonials-top\"><div class=\"quote-icon\"><span>\u201c <\/span><\/div><div class=\"heading primary-heading\"><h3 class=\"title\">HES\u0130AD<\/h3><h5 class=\"subtitle\">Message from the President <\/h5><\/div><\/div><\/div><div class=\"col-xl-2 col-md-4\"><div class=\"testimonials-dots\"><\/div><\/div><\/div><\/div><div class=\"container\"><div class=\"row\"><div class=\"col-xl-10 offset-xl-1\"><div class=\"testimonials-slider testimonials-primary-slider\" data-slider-settings='{\"autoplay\":false,\"adaptiveHeight\":true,\"infinite\":true,\"dots\":true,\"speed\":500}'><div class=\"slider-item\"><p>In this period when our country is making significant strides in industrialization, HES\u0130AD operates as the leader in the renewable energy and hydroelectric sector. Our goal is to effectively utilize water power, our most valuable resource.<br \/>\nIn recent years, changing and decreasing water regimes due to global warming and climate change have impacted this resource, which plays a strategic role in energy production. We aim to maximize the potential of this resource to meet a significant portion of our energy needs, increase our country's energy independence, and use our resources efficiently. <\/p>\n<p>In this context, we aim to contribute to sustainable renewable energy production, boost economic growth, and enhance our competitiveness. At the same time, in line with global trends in environmentally friendly energy production, we are working to rapidly adapt to new technologies and advance our industry with domestic and national industry.<\/p>\n<p>Accordingly, we continue our efforts to find solutions to energy needs and reduce economic burdens by collaborating with our members and stakeholders to optimize energy production with hybrid power plants and innovative technologies. We are striving to realize this vision with a broader range of participants and stakeholders.<\/p>\n<span class=\"user\"><span class=\"name\">Elvan Tu\u011fsuz G\u00fcven<\/span> <span class=\"position\">President of the Board of HES\u0130AD<\/span><\/span><\/div><\/div><\/div><\/div><\/div><\/div><\/div><\/div>\t\t\t\t<\/div>\n\t\t\t\t<\/div>\n\t\t\t\t<\/div>\n\t\t\t\t<\/div>","protected":false},"excerpt":{"rendered":"<p>Hesiad Ba\u015fkan\u0131n Mesaj\u0131 \u201c HES\u0130AD Ba\u015fkan\u0131n Mesaj\u0131 \u00dclkemizin sanayile\u015fme alan\u0131nda \u00f6nemli at\u0131l\u0131mlar yapt\u0131\u011f\u0131 bu d\u00f6nemde, HES\u0130AD olarak, yenilenebilir enerji ve hidroelektrik sekt\u00f6r\u00fcn\u00fcn lideri olarak faaliyet g\u00f6steriyoruz. En k\u0131ymetli kayna\u011f\u0131m\u0131z olan su g\u00fcc\u00fcn\u00fc etkili bir bi\u00e7imde de\u011ferlendirmek hedefimizdir. Son y\u0131llarda k\u00fcresel \u0131s\u0131nma ve iklim de\u011fi\u015fikliklerinin etkisiyle de\u011fi\u015fen ve azalan su rejimi, enerji \u00fcretiminde stratejik bir rol&#8230;<\/p>","protected":false},"author":1,"featured_media":0,"parent":0,"menu_order":0,"comment_status":"closed","ping_status":"closed","template":"r-energy-elementor-page.php","meta":{"_acf_changed":false,"footnotes":""},"class_list":{"0":"post-420","1":"page","2":"type-page","3":"status-publish","4":"hentry","5":"nt-post-class","6":"","10":"thumb-none","12":"excerpt-none"},"acf":[],"_links":{"self":[{"href":"https:\/\/hesiad.org.tr\/en\/wp-json\/wp\/v2\/pages\/420","targetHints":{"allow":["GET"]}}],"collection":[{"href":"https:\/\/hesiad.org.tr\/en\/wp-json\/wp\/v2\/pages"}],"about":[{"href":"https:\/\/hesiad.org.tr\/en\/wp-json\/wp\/v2\/types\/page"}],"author":[{"embeddable":true,"href":"https:\/\/hesiad.org.tr\/en\/wp-json\/wp\/v2\/users\/1"}],"replies":[{"embeddable":true,"href":"https:\/\/hesiad.org.tr\/en\/wp-json\/wp\/v2\/comments?post=420"}],"version-history":[{"count":3,"href":"https:\/\/hesiad.org.tr\/en\/wp-json\/wp\/v2\/pages\/420\/revisions"}],"predecessor-version":[{"id":6645,"href":"https:\/\/hesiad.org.tr\/en\/wp-json\/wp\/v2\/pages\/420\/revisions\/6645"}],"wp:attachment":[{"href":"https:\/\/hesiad.org.tr\/en\/wp-json\/wp\/v2\/media?parent=420"}],"curies":[{"name":"wp","href":"https:\/\/api.w.org\/{rel}","templated":true}]}}