{"id":503,"date":"2019-12-26T13:33:34","date_gmt":"2019-12-26T13:33:34","guid":{"rendered":"https:\/\/ninetheme.com\/themes\/r-energy\/?page_id=503"},"modified":"2024-09-12T10:20:33","modified_gmt":"2024-09-12T10:20:33","slug":"iletisim","status":"publish","type":"page","link":"https:\/\/hesiad.org.tr\/en\/iletisim\/","title":{"rendered":"Contact"},"content":{"rendered":"<div data-elementor-type=\"wp-page\" data-elementor-id=\"503\" class=\"elementor elementor-503\" data-elementor-post-type=\"page\">\n\t\t\t\t\t\t<section class=\"elementor-section elementor-top-section elementor-element elementor-element-5ca529 elementor-section-stretched elementor-section-full_width elementor-section-height-default elementor-section-height-default\" data-id=\"5ca529\" data-element_type=\"section\" data-e-type=\"section\" data-settings=\"{&quot;stretch_section&quot;:&quot;section-stretched&quot;}\">\n\t\t\t\t\t\t<div class=\"elementor-container elementor-column-gap-no\">\n\t\t\t\t\t<div class=\"elementor-column elementor-col-100 elementor-top-column elementor-element elementor-element-7f806cf0\" data-id=\"7f806cf0\" data-element_type=\"column\" data-e-type=\"column\">\n\t\t\t<div class=\"elementor-widget-wrap elementor-element-populated\">\n\t\t\t\t\t\t<div class=\"elementor-element elementor-element-25b69deb elementor-widget elementor-widget-r-energy-page-hero-section\" data-id=\"25b69deb\" data-element_type=\"widget\" data-e-type=\"widget\" data-widget_type=\"r-energy-page-hero-section.default\">\n\t\t\t\t<div class=\"elementor-widget-container\">\n\t\t\t\t\t<div class=\"promo-primary\"><div class=\"overlay\"><\/div><picture><source srcset=\"https:\/\/hesiad.org.tr\/wp-content\/uploads\/2024\/08\/Ic-Sayfa-Header3.jpg\" media=\"(min-width: 992px)\"\/><img decoding=\"async\" class=\"img-bg\" src=\"https:\/\/hesiad.org.tr\/wp-content\/uploads\/2024\/08\/Ic-Sayfa-Header3.jpg\" alt=\"Ic-Sayfa-Header3.jpg\"\/><\/picture><div class=\"container\"><div class=\"row\"><div class=\"col-12\"><div class=\"align-container\"><div class=\"align-item\"><span class=\"site__name\">Hesiad<\/span><h1 class=\"title\">Contact<\/h1><div class=\"nt-breadcrumbs\"><ul class=\"nt-breadcrumbs-list\"><li class=\"bitem\"><span><a class=\"breadcrumbs__link\" href=\"https:\/\/hesiad.org.tr\/en\/\"><span>Home<\/span><\/a><\/span><\/li><\/ul><\/div><\/div><\/div><\/div><\/div><\/div><\/div>\t\t\t\t<\/div>\n\t\t\t\t<\/div>\n\t\t\t\t\t<\/div>\n\t\t<\/div>\n\t\t\t\t\t<\/div>\n\t\t<\/section>\n\t\t\t\t<div class=\"elementor-section elementor-top-section elementor-element elementor-element-15f186f5 elementor-section-stretched elementor-section-full_width elementor-section-height-default elementor-section-height-default\" data-id=\"15f186f5\" data-element_type=\"section\" data-e-type=\"section\" data-settings=\"{&quot;stretch_section&quot;:&quot;section-stretched&quot;}\">\n\t\t\t\t\t\t<div class=\"elementor-container elementor-column-gap-no\">\n\t\t\t\t\t<div class=\"elementor-column elementor-col-100 elementor-top-column elementor-element elementor-element-6a908d8a\" data-id=\"6a908d8a\" data-element_type=\"column\" data-e-type=\"column\">\n\t\t\t<div class=\"elementor-widget-wrap elementor-element-populated\">\n\t\t\t\t\t\t<div class=\"elementor-element elementor-element-5c98f928 elementor-widget elementor-widget-r-energy-contact-form-map-section\" data-id=\"5c98f928\" data-element_type=\"widget\" data-e-type=\"widget\" data-widget_type=\"r-energy-contact-form-map-section.default\">\n\t\t\t\t<div class=\"elementor-widget-container\">\n\t\t\t\t\t<div class=\"map-section section-contact\"><div class=\"contacts-banner\"><div class=\"container\"><div class=\"row\"><div class=\"col-12\"><div class=\"title-block\"><h2 class=\"title\">Contact<\/h2><\/div><\/div><\/div><div class=\"row\"><div class=\"col-12\"><div class=\"address-block inner-block\"><p class=\"address\">100. Y\u0131l, H\u00fclya Sk. No:37, 06700 \u00c7ankaya\/Ankara<\/p><\/div><\/div><div class=\"col-12\"><div class=\"phones-block inner-block\">Tel: +90 312 445 04 64 <p><a href='#'> <\/a><\/p><p><a href='#'>Fax: +90 312 446 10 81<p><\/a><\/p>\n<\/div><\/div><div class=\"col-12\"><div class=\"mail-block inner-block\">For general inquiries:<p><a href='#'> info@hesiad.org.tr <\/a><\/p>For documentation and membership inquiries: <p><p><a href='#'> sekreterya@hesiad.org.tr <\/a><\/p><\/div><\/div><\/div><div class=\"row\"><div class=\"col-12\"><div class=\"r-button-holder\"><a class=\"r-button r-button--filled\" href=\"https:\/\/maps.app.goo.gl\/fJNTtUssqMqCvyGP6\" target=\"_blank\" data-hover=\"Adres Tarifi Al\"><span>Get Directions<\/span><\/a><\/div><\/div><\/div><\/div><\/div><div class=\"custom-embed-map\"><iframe frameborder=\"0\" scrolling=\"no\" marginheight=\"0\" marginwidth=\"0\" src=\"https:\/\/maps.google.com\/maps?q=100.%20Y%C4%B1l%2C%20H%C3%BClya%20Sk.%20No%3A37%2C%2006700%20%C3%87ankaya%2FAnkara&amp;t=m&amp;z=15&amp;output=embed&amp;iwloc=near\" title=\"100. Y\u0131l, H\u00fclya Sk. No:37, 06700 \u00c7ankaya\/Ankara\" aria-label=\"100. Y\u0131l, H\u00fclya Sk. No:37, 06700 \u00c7ankaya\/Ankara\"><\/iframe><\/div><\/div>\t\t\t\t<\/div>\n\t\t\t\t<\/div>\n\t\t\t\t\t<\/div>\n\t\t<\/div>\n\t\t\t\t\t<\/div>\n\t\t<\/div>\n\t\t\t\t<\/div>","protected":false},"excerpt":{"rendered":"<p>Hesiad \u0130leti\u015fim Home \u0130leti\u015fim 100. Y\u0131l, H\u00fclya Sk. No:37, 06700 \u00c7ankaya\/Ankara Tel: +90 312 445 04 64 Fax: +90 312 446 10 81 Genel konularda bilgi almak i\u00e7in: info@hesiad.org.tr Dok\u00fcmantasyon ve \u00fcyelik hakk\u0131nda bilgi almak i\u00e7in: sekreterya@hesiad.org.tr Adres Tarifi Al<\/p>","protected":false},"author":1,"featured_media":0,"parent":0,"menu_order":0,"comment_status":"closed","ping_status":"closed","template":"r-energy-elementor-page.php","meta":{"_acf_changed":false,"footnotes":""},"class_list":{"0":"post-503","1":"page","2":"type-page","3":"status-publish","4":"hentry","5":"nt-post-class","6":"","10":"thumb-none","12":"excerpt-none"},"acf":[],"_links":{"self":[{"href":"https:\/\/hesiad.org.tr\/en\/wp-json\/wp\/v2\/pages\/503","targetHints":{"allow":["GET"]}}],"collection":[{"href":"https:\/\/hesiad.org.tr\/en\/wp-json\/wp\/v2\/pages"}],"about":[{"href":"https:\/\/hesiad.org.tr\/en\/wp-json\/wp\/v2\/types\/page"}],"author":[{"embeddable":true,"href":"https:\/\/hesiad.org.tr\/en\/wp-json\/wp\/v2\/users\/1"}],"replies":[{"embeddable":true,"href":"https:\/\/hesiad.org.tr\/en\/wp-json\/wp\/v2\/comments?post=503"}],"version-history":[{"count":0,"href":"https:\/\/hesiad.org.tr\/en\/wp-json\/wp\/v2\/pages\/503\/revisions"}],"wp:attachment":[{"href":"https:\/\/hesiad.org.tr\/en\/wp-json\/wp\/v2\/media?parent=503"}],"curies":[{"name":"wp","href":"https:\/\/api.w.org\/{rel}","templated":true}]}}