{"id":7230,"date":"2025-11-28T08:06:43","date_gmt":"2025-11-28T08:06:43","guid":{"rendered":"https:\/\/hesiad.org.tr\/?page_id=7230"},"modified":"2025-11-28T08:14:40","modified_gmt":"2025-11-28T08:14:40","slug":"kisisel-verilerin-korunmasi","status":"publish","type":"page","link":"https:\/\/hesiad.org.tr\/en\/kisisel-verilerin-korunmasi\/","title":{"rendered":"Ki\u015fisel Verilerin Korunmas\u0131"},"content":{"rendered":"<div data-elementor-type=\"wp-page\" data-elementor-id=\"7230\" class=\"elementor elementor-7230\" data-elementor-post-type=\"page\">\n\t\t\t\t<div class=\"elementor-element elementor-element-9fd901e e-flex e-con-boxed e-con e-parent\" data-id=\"9fd901e\" data-element_type=\"container\" data-e-type=\"container\">\n\t\t\t\t\t<div class=\"e-con-inner\">\n\t\t\t\t<div class=\"elementor-element elementor-element-94a4e3f elementor-widget elementor-widget-html\" data-id=\"94a4e3f\" data-element_type=\"widget\" data-e-type=\"widget\" data-widget_type=\"html.default\">\n\t\t\t\t<div class=\"elementor-widget-container\">\n\t\t\t\t\t<h2 style=\"text-align:center;\">Ki\u015fisel Verilerin Korunmas\u0131<\/h1>\r\n\r\n<h3>1. Ayd\u0131nlatma Metni\u2019nin Amac\u0131 ve Derne\u011fimizin Veri Sorumlusu Konumu<\/h2>\r\n\r\n<p>Hidroelektrik Santralleri Sanayi Ve \u0130\u015f \u0130nsanlar\u0131 Derne\u011fi \u0130ktisadi \u0130\u015fletmesi (HES\u0130AD olarak an\u0131lacakt\u0131r.) m\u00fc\u015fterilere ili\u015fkin ki\u015fisel veriler bak\u0131m\u0131ndan 6698 say\u0131l\u0131 Ki\u015fisel Verilerin Korunmas\u0131 Kanunu (\u201cKanun\u201d) kapsam\u0131nda \u201cveri sorumlusu\u201d s\u0131fat\u0131na sahiptir.<\/p>\r\n\r\n<p>\u0130\u015fbu Ayd\u0131nlatma ve R\u0131za Metni ile Kanun uyar\u0131nca m\u00fc\u015fterilerin HES\u0130AD taraf\u0131ndan ger\u00e7ekle\u015ftirilen ki\u015fisel veri i\u015fleme faaliyetleri hakk\u0131nda ayd\u0131nlat\u0131lmas\u0131 ve a\u015fa\u011f\u0131da 3. maddede belirtilen durumlar i\u00e7in a\u00e7\u0131k r\u0131zalar\u0131n\u0131n temini ama\u00e7lanmaktad\u0131r.<\/p>\r\n\r\n<h3>2. M\u00fc\u015fterilere Ait Ki\u015fisel Verilerin \u0130\u015flenme Amac\u0131<\/h2>\r\n\r\n<p>M\u00fc\u015fterilere ait ki\u015fisel veriler; HES\u0130AD taraf\u0131ndan sunulan \u00fcr\u00fcn ve hizmetlerden yararland\u0131r\u0131lmas\u0131 i\u00e7in i\u015f birimleri taraf\u0131ndan gerekli \u00e7al\u0131\u015fmalar\u0131n yap\u0131lmas\u0131, ticari faaliyetlerin y\u00fcr\u00fct\u00fclmesi, i\u015f stratejilerinin planlanmas\u0131, hukuki ve teknik g\u00fcvenli\u011fin sa\u011flanmas\u0131, \u00fcr\u00fcn ve hizmetlerin ki\u015fiselle\u015ftirilmesi ve m\u00fc\u015fterilere \u00f6nerilmesi gibi ama\u00e7larla Kanun\u2019un 5. ve 6. maddeleri kapsam\u0131nda i\u015flenmektedir.<\/p>\r\n\r\n<p>Ki\u015fisel verilerin i\u015flenmesine ili\u015fkin detayl\u0131 bilgiye <a href=\"https:\/\/hesiad.org.tr\/en\/\" target=\"_blank\">https:\/\/hesiad.org.tr<\/a> adresinde yer alan HES\u0130AD\u2019\u0131n Ki\u015fisel Verilerin \u0130\u015flenmesi ve Korunmas\u0131na \u0130li\u015fkin Politikas\u0131\u2019ndan ula\u015f\u0131labilir.<\/p>\r\n\r\n<h3>3. M\u00fc\u015fterilerin A\u00e7\u0131k R\u0131zas\u0131 Do\u011frultusunda \u0130\u015flenecek Ki\u015fisel Veriler ve Ama\u00e7lar\u0131<\/h2>\r\n\r\n<p>Kanun\u2019un 5\/2 ve 6\/3 maddesindeki \u015fartlar\u0131n kar\u015f\u0131lanamad\u0131\u011f\u0131 durumlarda ki\u015fisel verilerin i\u015flenebilmesi i\u00e7in m\u00fc\u015fterilerin a\u00e7\u0131k r\u0131zas\u0131 gerekmektedir.<\/p>\r\n\r\n<p>Bu kapsamda HES\u0130AD taraf\u0131ndan m\u00fc\u015fterilerin ki\u015fisel verileri;<\/p>\r\n\r\n<ul>\r\n  <li>Kampanya olu\u015fturulmas\u0131, \u00e7apraz sat\u0131\u015f faaliyetleri, hedef kitle belirlenmesi,<\/li>\r\n  <li>M\u00fc\u015fteri hareketlerinin takip edilmesi ve kullan\u0131c\u0131 deneyiminin iyile\u015ftirilmesi,<\/li>\r\n  <li>Web sitesi ve mobil uygulaman\u0131n geli\u015ftirilmesi ve ki\u015fiselle\u015ftirilmesi,<\/li>\r\n  <li>Do\u011frudan ve dolayl\u0131 pazarlama faaliyetleri, yeniden pazarlama, ki\u015fiye \u00f6zel pazarlama,<\/li>\r\n  <li>Ki\u015fiye \u00f6zel segmentasyon, hedefleme, analiz ve dernek i\u00e7i raporlama,<\/li>\r\n  <li>Pazar ara\u015ft\u0131rmalar\u0131, m\u00fc\u015fteri memnuniyeti \u00e7al\u0131\u015fmalar\u0131,<\/li>\r\n  <li>M\u00fc\u015fteri ili\u015fkileri y\u00f6netimi s\u00fcre\u00e7lerinin planlanmas\u0131 ve icras\u0131<\/li>\r\n<\/ul>\r\n\r\n<p>ama\u00e7lar\u0131yla i\u015flenebilecek ve ilgili taraflarla payla\u015f\u0131labilecektir.<\/p>\r\n\r\n<h3>4. M\u00fc\u015fterilere Ait Ki\u015fisel Verilerin Aktar\u0131m\u0131<\/h2>\r\n\r\n<p>M\u00fc\u015fterilerin ki\u015fisel verileri; \u00fcr\u00fcn ve hizmet sunumu, i\u015f s\u00fcre\u00e7lerinin y\u00fcr\u00fct\u00fclmesi, faaliyetlerin planlanmas\u0131, i\u015f g\u00fcvenli\u011finin sa\u011flanmas\u0131 gibi ama\u00e7larla Kanun\u2019un 8. ve 9. maddeleri \u00e7er\u00e7evesinde a\u015fa\u011f\u0131daki taraflarla payla\u015f\u0131labilir:<\/p>\r\n\r\n<ul>\r\n  <li>Hidroelektrik Santralleri Sanayi \u0130\u015f Adamlar\u0131 Derne\u011fi<\/li>\r\n  <li>Dernek yetkilileri<\/li>\r\n  <li>\u0130\u015ftirakler<\/li>\r\n  <li>\u0130\u015f ortaklar\u0131<\/li>\r\n  <li>Tedarik\u00e7iler<\/li>\r\n  <li>Hissedarlar<\/li>\r\n  <li>Yetkili kamu kurum ve kurulu\u015flar\u0131<\/li>\r\n  <li>\u00d6zel kurumlar<\/li>\r\n<\/ul>\r\n\r\n<h3>5. Ki\u015fisel Verilerin Toplanma Y\u00f6ntemi ve Hukuki Sebebi<\/h2>\r\n\r\n<p>Ki\u015fisel veriler m\u00fc\u015fterilerden elektronik ortamda toplanmaktad\u0131r. Toplanan veriler, Kanun\u2019un 5. ve 6. maddeleri kapsam\u0131nda ve bu Ayd\u0131nlatma Metni\u2019nde belirtilen ama\u00e7larla i\u015flenebilir ve aktar\u0131labilir.<\/p>\r\n\r\n<h3>6. Ki\u015fisel Veri Sahibi Olarak M\u00fc\u015fterilerin Haklar\u0131<\/h2>\r\n\r\n<p>Kanun\u2019un 11. maddesi uyar\u0131nca veri sahipleri a\u015fa\u011f\u0131daki haklara sahiptir:<\/p>\r\n\r\n<ul>\r\n  <li>Ki\u015fisel veri i\u015flenip i\u015flenmedi\u011fini \u00f6\u011frenme,<\/li>\r\n  <li>\u0130\u015flendiyse buna ili\u015fkin bilgi talep etme,<\/li>\r\n  <li>Verilerin i\u015flenme amac\u0131n\u0131 ve amaca uygun kullan\u0131l\u0131p kullan\u0131lmad\u0131\u011f\u0131n\u0131 \u00f6\u011frenme,<\/li>\r\n  <li>Yurt i\u00e7i veya yurt d\u0131\u015f\u0131na aktar\u0131lan \u00fc\u00e7\u00fcnc\u00fc ki\u015fileri bilme,<\/li>\r\n  <li>Eksik veya yanl\u0131\u015f i\u015flenen verilerin d\u00fczeltilmesini isteme,<\/li>\r\n  <li>Silinmesini veya yok edilmesini isteme,<\/li>\r\n  <li>Bu i\u015flemlerin aktar\u0131lan \u00fc\u00e7\u00fcnc\u00fc ki\u015filere bildirilmesini talep etme,<\/li>\r\n  <li>Otomatik i\u015fleme sonucu aleyhe bir durum ortaya \u00e7\u0131kmas\u0131na itiraz etme,<\/li>\r\n  <li>Zarar do\u011fmas\u0131 h\u00e2linde tazminat talep etme.<\/li>\r\n<\/ul>\r\n\r\n<p>Bu haklara ili\u015fkin talepler <a href=\"https:\/\/hesiad.org.tr\/en\/\" target=\"_blank\">https:\/\/hesiad.org.tr<\/a> adresinde yer alan ilgili politika kapsam\u0131nda HES\u0130AD\u2019a iletilebilir. HES\u0130AD talepleri 30 g\u00fcn i\u00e7inde yan\u0131tlar ve KVKK taraf\u0131ndan belirlenen \u00fccretlendirme h\u00fck\u00fcmleri uygulanabilir.<\/p>\r\n\r\n<br><br>\r\n\r\n<p><strong>HES\u0130AD - YK Ba\u015fkan\u0131<\/strong><br>\r\nElvan Tu\u011fsuz G\u00fcven<\/p>\r\n\t\t\t\t<\/div>\n\t\t\t\t<\/div>\n\t\t\t\t\t<\/div>\n\t\t\t\t<\/div>\n\t\t\t\t<\/div>","protected":false},"excerpt":{"rendered":"<p>Ki\u015fisel Verilerin Korunmas\u0131 1. Ayd\u0131nlatma Metni\u2019nin Amac\u0131 ve Derne\u011fimizin Veri Sorumlusu Konumu Hidroelektrik Santralleri Sanayi Ve \u0130\u015f \u0130nsanlar\u0131 Derne\u011fi \u0130ktisadi \u0130\u015fletmesi (HES\u0130AD olarak an\u0131lacakt\u0131r.) m\u00fc\u015fterilere ili\u015fkin ki\u015fisel veriler bak\u0131m\u0131ndan 6698 say\u0131l\u0131 Ki\u015fisel Verilerin Korunmas\u0131 Kanunu (\u201cKanun\u201d) kapsam\u0131nda \u201cveri sorumlusu\u201d s\u0131fat\u0131na sahiptir. \u0130\u015fbu Ayd\u0131nlatma ve R\u0131za Metni ile Kanun uyar\u0131nca m\u00fc\u015fterilerin HES\u0130AD taraf\u0131ndan ger\u00e7ekle\u015ftirilen ki\u015fisel veri&#8230;<\/p>","protected":false},"author":1,"featured_media":0,"parent":0,"menu_order":0,"comment_status":"closed","ping_status":"closed","template":"r-energy-elementor-page.php","meta":{"_acf_changed":false,"footnotes":""},"class_list":{"0":"post-7230","1":"page","2":"type-page","3":"status-publish","4":"hentry","5":"nt-post-class","6":"","10":"thumb-none","12":"excerpt-none"},"acf":[],"_links":{"self":[{"href":"https:\/\/hesiad.org.tr\/en\/wp-json\/wp\/v2\/pages\/7230","targetHints":{"allow":["GET"]}}],"collection":[{"href":"https:\/\/hesiad.org.tr\/en\/wp-json\/wp\/v2\/pages"}],"about":[{"href":"https:\/\/hesiad.org.tr\/en\/wp-json\/wp\/v2\/types\/page"}],"author":[{"embeddable":true,"href":"https:\/\/hesiad.org.tr\/en\/wp-json\/wp\/v2\/users\/1"}],"replies":[{"embeddable":true,"href":"https:\/\/hesiad.org.tr\/en\/wp-json\/wp\/v2\/comments?post=7230"}],"version-history":[{"count":4,"href":"https:\/\/hesiad.org.tr\/en\/wp-json\/wp\/v2\/pages\/7230\/revisions"}],"predecessor-version":[{"id":7243,"href":"https:\/\/hesiad.org.tr\/en\/wp-json\/wp\/v2\/pages\/7230\/revisions\/7243"}],"wp:attachment":[{"href":"https:\/\/hesiad.org.tr\/en\/wp-json\/wp\/v2\/media?parent=7230"}],"curies":[{"name":"wp","href":"https:\/\/api.w.org\/{rel}","templated":true}]}}