{"id":7231,"date":"2025-11-28T08:06:46","date_gmt":"2025-11-28T08:06:46","guid":{"rendered":"https:\/\/hesiad.org.tr\/?page_id=7231"},"modified":"2025-11-28T08:21:46","modified_gmt":"2025-11-28T08:21:46","slug":"iptal-ve-iade-kosullari","status":"publish","type":"page","link":"https:\/\/hesiad.org.tr\/en\/iptal-ve-iade-kosullari\/","title":{"rendered":"\u0130PTAL VE \u0130ADE KO\u015eULLARI"},"content":{"rendered":"<div data-elementor-type=\"wp-page\" data-elementor-id=\"7231\" class=\"elementor elementor-7231\" data-elementor-post-type=\"page\">\n\t\t\t\t<div class=\"elementor-element elementor-element-fba7506 e-flex e-con-boxed e-con e-parent\" data-id=\"fba7506\" data-element_type=\"container\" data-e-type=\"container\">\n\t\t\t\t\t<div class=\"e-con-inner\">\n\t\t\t\t<div class=\"elementor-element elementor-element-5652555 elementor-widget elementor-widget-text-editor\" data-id=\"5652555\" data-element_type=\"widget\" data-e-type=\"widget\" data-widget_type=\"text-editor.default\">\n\t\t\t\t<div class=\"elementor-widget-container\">\n\t\t\t\t\t\t\t\t\t<h2 style=\"text-align: left;\">\u0130PTAL VE \u0130ADE KO\u015eULLARI<br \/><br \/><\/h2><h3>MADDE 1 &#8211; TARAFLAR<\/h3><p><strong>1.1 &#8211; SATICI:<\/strong><\/p><p><strong>Unvan\u0131:<\/strong> Hidroelektrik Santralleri Sanayi Ve \u0130\u015f \u0130nsanlar\u0131 Derne\u011fi \u0130ktisadi \u0130\u015fletmesi (HES\u0130AD)<\/p><p><strong>Vergi Kimlik Numaras\u0131:<\/strong> 462 108 9496<\/p><p><strong>Adresi:<\/strong> 100. Y\u0131l, H\u00fclya Sk. No:37, 06700 \u00c7ankaya &#8211; Ankara<\/p><p><strong>Phone:<\/strong> +90 312 445 04 64<\/p><p><strong>E-mail:<\/strong> info@hesiad.org.tr<\/p><p><strong>1.2 &#8211; ALICI:<\/strong><\/p><p><strong>Unvan\u0131:<\/strong> &#8230;&#8230;&#8230;&#8230;&#8230;&#8230;&#8230;&#8230;&#8230;&#8230;&#8230;&#8230;&#8230;&#8230;.<\/p><p><strong>TC \/ Vergi Kimlik Numaras\u0131:<\/strong> &#8230;&#8230;&#8230;&#8230;&#8230;&#8230;&#8230;&#8230;&#8230;&#8230;&#8230;&#8230;&#8230;&#8230;.<\/p><p><strong>Adresi:<\/strong> &#8230;&#8230;&#8230;&#8230;&#8230;&#8230;&#8230;&#8230;&#8230;&#8230;&#8230;&#8230;&#8230;&#8230;.<\/p><p><strong>Phone:<\/strong> &#8230;&#8230;&#8230;&#8230;&#8230;&#8230;&#8230;&#8230;&#8230;&#8230;&#8230;&#8230;&#8230;&#8230;.<\/p><p><strong>E-mail:<\/strong> &#8230;&#8230;&#8230;&#8230;&#8230;&#8230;&#8230;&#8230;&#8230;&#8230;&#8230;&#8230;&#8230;&#8230;.<\/p><h3>MADDE 2 &#8211; \u0130PTAL VE \u0130ADE HAKKI<\/h3><p>2.1. ALICI, 14 g\u00fcn i\u00e7inde herhangi bir gerek\u00e7e g\u00f6stermeksizin ve cezai \u015fart \u00f6demeksizin iptal ve iade hakk\u0131na sahiptir. S\u00fcre, hizmet s\u00f6zle\u015fmelerinde s\u00f6zle\u015fmenin kuruldu\u011fu g\u00fcn; mal tesliminde ise teslimin yap\u0131ld\u0131\u011f\u0131 g\u00fcn ba\u015flar.<\/p><p>2.2. Tek sipari\u015fte ayr\u0131 teslim edilen mallarda iptal s\u00fcresi, son mal\u0131n teslim g\u00fcn\u00fcnden itibaren ba\u015flar.<\/p><p>2.3. Birden fazla par\u00e7al\u0131 mallarda iptal s\u00fcresi, son par\u00e7an\u0131n teslim edildi\u011fi g\u00fcn ba\u015flar.<\/p><p>2.4. D\u00fczenli teslimlerde iptal s\u00fcresi, ilk mal\u0131n teslim edildi\u011fi g\u00fcn ba\u015flar.<\/p><p>2.5. ALICI iptal hakk\u0131n\u0131 kulland\u0131\u011f\u0131nda, SATICI t\u00fcm \u00f6demeleri, bildirimin kendisine ula\u015fmas\u0131ndan itibaren 14 g\u00fcn i\u00e7inde kanuni faizi ile iade eder.<\/p><h3>MADDE 3 \u2013 \u0130PTAL VE \u0130ADE HAKKI KULLANILAMAYACAK \u00dcR\u00dcNLER<\/h3><ol><li>Fiyat\u0131 finansal piyasalardaki dalgalanmalara ba\u011fl\u0131 olarak de\u011fi\u015fen mallar ve hizmetler.<\/li><li>ALICI\u2019n\u0131n talebi veya ki\u015fisel ihtiya\u00e7lar\u0131 do\u011frultusunda haz\u0131rlanan \u00fcr\u00fcnler.<\/li><li>\u00c7abuk bozulabilen veya son kullanma tarihi ge\u00e7ebilecek \u00fcr\u00fcnler.<\/li><li>Ambalaj\u0131 a\u00e7\u0131lm\u0131\u015f olan sa\u011fl\u0131k ve hijyen a\u00e7\u0131s\u0131ndan iadesi uygun olmayan \u00fcr\u00fcnler.<\/li><li>Teslim sonras\u0131 ba\u015fka \u00fcr\u00fcnlerle kar\u0131\u015fan ve ayr\u0131\u015ft\u0131r\u0131lmas\u0131 m\u00fcmk\u00fcn olmayan \u00fcr\u00fcnler.<\/li><li>Ambalaj\u0131 a\u00e7\u0131lm\u0131\u015f kitap, dijital i\u00e7erik ve bilgisayar sarf malzemeleri.<\/li><li>Abonelik d\u0131\u015f\u0131 s\u00fcreli yay\u0131n teslimleri.<\/li><li>Belirli tarih\/s\u00fcreli konaklama, ta\u015f\u0131ma, ara\u00e7 kiralama, yiyecek-i\u00e7ecek temini, e\u011flence veya dinlenmeye y\u00f6nelik organizasyonlar.<\/li><li>Elektronik ortamda an\u0131nda teslim edilen i\u00e7erikler.<\/li><li>\u0130ptal s\u00fcresi dolmadan, ALICI onay\u0131 ile ba\u015flanan hizmetler.<\/li><\/ol><p>https:\/\/hesiad.org.tr adresinden sat\u0131lan kitap ve dergiler cayma hakk\u0131 kapsam\u0131 d\u0131\u015f\u0131ndad\u0131r.<\/p><p>ALICI, sipari\u015finin iptali i\u00e7in sipari\u015f onayland\u0131\u011f\u0131 g\u00fcn\u00fcn mesai bitimine kadar telefon veya e-posta ile SATICI\u2019ya bildirim yapmal\u0131d\u0131r. \u00dcr\u00fcn ay\u0131pl\u0131ysa iptal veya de\u011fi\u015fim talep edebilir.<\/p><p><strong>SATICI<\/strong><br \/>Hidroelektrik Santralleri Sanayi ve \u0130\u015f \u0130nsanlar\u0131 Derne\u011fi \u0130ktisadi \u0130\u015fletmesi<\/p><p><strong>ALICI<\/strong><br \/>&#8230;&#8230;&#8230;&#8230;&#8230;&#8230;&#8230;&#8230;&#8230;&#8230;&#8230;&#8230;&#8230;&#8230;.<\/p>\t\t\t\t\t\t\t\t<\/div>\n\t\t\t\t<\/div>\n\t\t\t\t\t<\/div>\n\t\t\t\t<\/div>\n\t\t\t\t<\/div>","protected":false},"excerpt":{"rendered":"<p>\u0130PTAL VE \u0130ADE KO\u015eULLARI MADDE 1 &#8211; TARAFLAR 1.1 &#8211; SATICI: Unvan\u0131: Hidroelektrik Santralleri Sanayi Ve \u0130\u015f \u0130nsanlar\u0131 Derne\u011fi \u0130ktisadi \u0130\u015fletmesi (HES\u0130AD) Vergi Kimlik Numaras\u0131: 462 108 9496 Adresi: 100. Y\u0131l, H\u00fclya Sk. No:37, 06700 \u00c7ankaya &#8211; Ankara Telefon: +90 312 445 04 64 E-mail: info@hesiad.org.tr 1.2 &#8211; ALICI: Unvan\u0131: &#8230;&#8230;&#8230;&#8230;&#8230;&#8230;&#8230;&#8230;&#8230;&#8230;&#8230;&#8230;&#8230;&#8230;. TC \/ Vergi Kimlik&#8230;<\/p>","protected":false},"author":1,"featured_media":0,"parent":0,"menu_order":0,"comment_status":"closed","ping_status":"closed","template":"r-energy-elementor-page.php","meta":{"_acf_changed":false,"footnotes":""},"class_list":{"0":"post-7231","1":"page","2":"type-page","3":"status-publish","4":"hentry","5":"nt-post-class","6":"","10":"thumb-none","12":"excerpt-none"},"acf":[],"_links":{"self":[{"href":"https:\/\/hesiad.org.tr\/en\/wp-json\/wp\/v2\/pages\/7231","targetHints":{"allow":["GET"]}}],"collection":[{"href":"https:\/\/hesiad.org.tr\/en\/wp-json\/wp\/v2\/pages"}],"about":[{"href":"https:\/\/hesiad.org.tr\/en\/wp-json\/wp\/v2\/types\/page"}],"author":[{"embeddable":true,"href":"https:\/\/hesiad.org.tr\/en\/wp-json\/wp\/v2\/users\/1"}],"replies":[{"embeddable":true,"href":"https:\/\/hesiad.org.tr\/en\/wp-json\/wp\/v2\/comments?post=7231"}],"version-history":[{"count":7,"href":"https:\/\/hesiad.org.tr\/en\/wp-json\/wp\/v2\/pages\/7231\/revisions"}],"predecessor-version":[{"id":7247,"href":"https:\/\/hesiad.org.tr\/en\/wp-json\/wp\/v2\/pages\/7231\/revisions\/7247"}],"wp:attachment":[{"href":"https:\/\/hesiad.org.tr\/en\/wp-json\/wp\/v2\/media?parent=7231"}],"curies":[{"name":"wp","href":"https:\/\/api.w.org\/{rel}","templated":true}]}}