{"id":7251,"date":"2025-11-28T08:23:11","date_gmt":"2025-11-28T08:23:11","guid":{"rendered":"https:\/\/hesiad.org.tr\/?page_id=7251"},"modified":"2025-11-28T12:36:38","modified_gmt":"2025-11-28T12:36:38","slug":"gizlilik-politikasi","status":"publish","type":"page","link":"https:\/\/hesiad.org.tr\/en\/gizlilik-politikasi\/","title":{"rendered":"Gizlilik Politikas\u0131"},"content":{"rendered":"<div data-elementor-type=\"wp-page\" data-elementor-id=\"7251\" class=\"elementor elementor-7251\" data-elementor-post-type=\"page\">\n\t\t\t\t<div class=\"elementor-element elementor-element-9fd901e e-flex e-con-boxed e-con e-parent\" data-id=\"9fd901e\" data-element_type=\"container\" data-e-type=\"container\">\n\t\t\t\t\t<div class=\"e-con-inner\">\n\t\t\t\t<div class=\"elementor-element elementor-element-94a4e3f elementor-widget elementor-widget-html\" data-id=\"94a4e3f\" data-element_type=\"widget\" data-e-type=\"widget\" data-widget_type=\"html.default\">\n\t\t\t\t<div class=\"elementor-widget-container\">\n\t\t\t\t\t<h1 style=\"text-align:;\">Gizlilik Politikas\u0131<\/h1>\r\n\r\n<p>\r\nHidroelektrik Santralleri Sanayi Ve \u0130\u015f \u0130nsanlar\u0131 Derne\u011fi \u0130ktisadi \u0130\u015fletmesi \r\n(HES\u0130AD olarak an\u0131lacakt\u0131r.), kullan\u0131c\u0131lar\u0131m\u0131z\u0131n hizmetlerimizden g\u00fcvenli ve eksiksiz \u015fekilde \r\nfaydalanmalar\u0131n\u0131 sa\u011flamak amac\u0131yla gizlili\u011fi korumaktad\u0131r.\r\n<\/p>\r\n\r\n<p>\r\n\u0130\u015fbu HES\u0130AD Gizlilik Politikas\u0131 (\u201cPolitika\u201d), \u00fcyelerimizin ki\u015fisel verilerinin \r\n6698 say\u0131l\u0131 Ki\u015fisel Verilerin Korunmas\u0131 Kanunu (\u201cKanun\u201d) ile tamamen uyumlu \u015fekilde i\u015flenmesi \r\nve kullan\u0131c\u0131lar\u0131m\u0131z\u0131 bu konuda bilgilendirmek amac\u0131yla haz\u0131rlanm\u0131\u015ft\u0131r. \r\n<\/p>\r\n\r\n<p>\r\nBu Politika\u2019n\u0131n amac\u0131; HES\u0130AD taraf\u0131ndan i\u015fletilen \r\n<a href=\"https:\/\/hesiad.org.tr\/en\/\" target=\"_blank\">https:\/\/hesiad.org.tr<\/a>\r\ninternet sitesi ve mobil uygulaman\u0131n (\u201cPlatform\u201d) i\u015fletilmesi s\u0131ras\u0131nda; \r\nPlatform kullan\u0131c\u0131lar\u0131, ziyaret\u00e7ileri ve \u00fcyeleri (hepsi birlikte \u201cVeri Sahibi\u201d) \r\ntaraf\u0131ndan payla\u015f\u0131lan veya kullan\u0131m s\u0131ras\u0131nda \u00fcretilen ki\u015fisel verilerin kullan\u0131m ko\u015ful ve \u015fartlar\u0131n\u0131 belirlemektir.\r\n<\/p>\r\n\r\n<h2>Hangi Veriler \u0130\u015flenmektedir?<\/h2>\r\n\r\n<p>A\u015fa\u011f\u0131daki veriler Kanun kapsam\u0131nda ki\u015fisel veri olarak kabul edilir ve HES\u0130AD taraf\u0131ndan i\u015flenebilir:<\/p>\r\n\r\n<ul>\r\n  <li>Kimlik Bilgisi<\/li>\r\n  <li>\u0130leti\u015fim Bilgisi<\/li>\r\n  <li>Kullan\u0131c\u0131 Bilgisi<\/li>\r\n  <li>Kullan\u0131c\u0131 \u0130\u015flem Bilgisi<\/li>\r\n  <li>\u0130\u015flem G\u00fcvenli\u011fi Bilgisi<\/li>\r\n  <li>Finansal Bilgi<\/li>\r\n  <li>Pazarlama Bilgisi<\/li>\r\n  <li>Talep\/\u015eikayet Y\u00f6netimi Bilgisi<\/li>\r\n<\/ul>\r\n\r\n<p>\r\nKanun\u2019un 3. ve 7. maddeleri gere\u011fi anonim h\u00e2le getirilen veriler ki\u015fisel veri say\u0131lmaz ve bu Politika kapsam\u0131nda de\u011fildir.\r\n<\/p>\r\n\r\n<h2>Ki\u015fisel Veri \u0130\u015fleme Ama\u00e7lar\u0131<\/h2>\r\n\r\n<p>\r\nHES\u0130AD, ki\u015fisel verileri;\r\n\u00fcyelik s\u00fcre\u00e7leri, hizmet sunumu, performans takibi, sistem hatalar\u0131n\u0131n tespiti, Platform\u2019un \r\niyile\u015ftirilmesi, bak\u0131m\/yedekleme s\u00fcre\u00e7lerinin sa\u011flanmas\u0131 ve kullan\u0131c\u0131ya \u00f6zel i\u00e7erik sunulmas\u0131 gibi \r\nama\u00e7larla i\u015fler.\r\n<\/p>\r\n\r\n<p>\r\nAyr\u0131ca ticari faaliyetlerin y\u00fcr\u00fct\u00fclmesi, g\u00fcvenli\u011fin sa\u011flanmas\u0131, stratejik planlama, \r\nkullan\u0131c\u0131 be\u011feni ve al\u0131\u015fkanl\u0131klar\u0131na uygun ki\u015fiselle\u015ftirme \u00e7al\u0131\u015fmalar\u0131 da i\u015fleme ama\u00e7lar\u0131 aras\u0131ndad\u0131r.\r\n<\/p>\r\n\r\n<h2>Veri Sahiplerinin A\u00e7\u0131k R\u0131zas\u0131 Kapsam\u0131nda \u0130\u015flenecek Veriler<\/h2>\r\n\r\n<p>\r\nA\u00e7\u0131k r\u0131za gerektiren i\u015flemler kapsam\u0131nda HES\u0130AD, kullan\u0131c\u0131 hareketlerini takip ederek:\r\n<\/p>\r\n\r\n<ul>\r\n  <li>Kullan\u0131c\u0131 deneyimini art\u0131rma<\/li>\r\n  <li>\u0130statistik olu\u015fturma<\/li>\r\n  <li>Profilleme<\/li>\r\n  <li>Do\u011frudan pazarlama & yeniden pazarlama<\/li>\r\n  <li>Ki\u015fiye \u00f6zel teklif olu\u015fturma<\/li>\r\n  <li>Reklam g\u00f6sterimi<\/li>\r\n<\/ul>\r\n\r\n<p>\r\ngibi ama\u00e7larla verileri i\u015fleyebilir ve ilgili \u00fc\u00e7\u00fcnc\u00fc taraflarla payla\u015fabilir.\r\n<\/p>\r\n\r\n<h2>Ki\u015fisel Verilerin Aktar\u0131m\u0131<\/h2>\r\n\r\n<p>\r\nHES\u0130AD, ki\u015fisel verileri;\r\nhizmet al\u0131nan \u00fc\u00e7\u00fcnc\u00fc taraflara, hosting sa\u011flay\u0131c\u0131lar\u0131na, hukuk b\u00fcrolar\u0131na, call center hizmetleri veren firmalara, \r\nara\u015ft\u0131rma \u015firketlerine ve SMS sa\u011flay\u0131c\u0131lar\u0131na aktarabilir.\r\n<\/p>\r\n\r\n<p>\r\nAyr\u0131ca Kanun\u2019un 8. ve 9. maddeleri kapsam\u0131nda veriler; HES\u0130AD, grup \u015firketleri, hissedarlar, tedarik\u00e7iler, \r\ni\u015f ortaklar\u0131 ve yetkili kamu\/\u00f6zel kurumlarla payla\u015f\u0131labilir ve gerekli h\u00e2llerde yurt d\u0131\u015f\u0131na aktar\u0131labilir.\r\n<\/p>\r\n\r\n<h2>Ki\u015fisel Verilerin Toplanma Y\u00f6ntemi ve Hukuki Sebebi<\/h2>\r\n\r\n<p>\r\nVeriler elektronik ortamda toplanmaktad\u0131r. Toplanan veriler Kanun\u2019un 5. ve 6. maddeleri do\u011frultusunda i\u015flenebilir \r\nve aktar\u0131labilir.\r\n<\/p>\r\n\r\n<h2>Ki\u015fisel Veri Sahibinin Haklar\u0131<\/h2>\r\n\r\n<p>\r\nKanun\u2019un 11. maddesi kapsam\u0131nda Veri Sahipleri a\u015fa\u011f\u0131daki haklara sahiptir:\r\n<\/p>\r\n\r\n<ul>\r\n  <li>Ki\u015fisel veri i\u015flenip i\u015flenmedi\u011fini \u00f6\u011frenme<\/li>\r\n  <li>Verilere ili\u015fkin bilgi talep etme<\/li>\r\n  <li>\u0130\u015fleme amac\u0131n\u0131 \u00f6\u011frenme ve amac\u0131na uygun kullan\u0131l\u0131p kullan\u0131lmad\u0131\u011f\u0131n\u0131 \u00f6\u011frenme<\/li>\r\n  <li>Verilerin aktar\u0131ld\u0131\u011f\u0131 \u00fc\u00e7\u00fcnc\u00fc ki\u015fileri bilme<\/li>\r\n  <li>Eksik\/yanl\u0131\u015f verilerin d\u00fczeltilmesini isteme<\/li>\r\n  <li>Ki\u015fisel verilerin silinmesini\/yok edilmesini isteme<\/li>\r\n  <li>Otomatik i\u015fleme sonucu aleyhte bir durum olu\u015fmas\u0131na itiraz etme<\/li>\r\n  <li>Zarara u\u011frama durumunda tazminat talep etme<\/li>\r\n<\/ul>\r\n\r\n<p>\r\nTalepler HES\u0130AD\u2019\u0131n ilgili politikas\u0131 \u00e7er\u00e7evesinde iletilir ve 30 g\u00fcn i\u00e7inde sonu\u00e7land\u0131r\u0131l\u0131r.\r\n<\/p>\r\n\r\n<h2>\u00c7erez (Cookie) Politikas\u0131<\/h2>\r\n\r\n<p>\r\nPlatform\u2019da kullan\u0131c\u0131 deneyimini geli\u015ftirmek ve analiz yapmak amac\u0131yla \u00e7erezler kullan\u0131lmaktad\u0131r.\r\n\u00c7erezler kullan\u0131c\u0131 bilgilerini i\u00e7ermez; yaln\u0131zca taray\u0131c\u0131ya kaydedilen k\u00fc\u00e7\u00fck metin dosyalar\u0131d\u0131r.\r\n<\/p>\r\n\r\n<p>\r\nPlatform\u2019da teknik, do\u011frulama, hedefleme\/reklam, ki\u015fiselle\u015ftirme ve analitik \u00e7erezler kullan\u0131labilir.\r\n<\/p>\r\n\r\n<p>\r\nZiyaret\u00e7iler taray\u0131c\u0131 ayarlar\u0131 \u00fczerinden \u00e7erez tercihlerini y\u00f6netebilirler.\r\n<\/p>\r\n\r\n<h2>R\u0131za ve Gizlilik Politikas\u0131\u2019ndaki De\u011fi\u015fiklikler<\/h2>\r\n\r\n<p>\r\nPlatform kullan\u0131lmaya devam edildi\u011fi s\u00fcrece \u00e7erez kullan\u0131m\u0131na r\u0131za g\u00f6sterilmi\u015f say\u0131l\u0131r.\r\nHES\u0130AD bu politika h\u00fck\u00fcmlerini diledi\u011fi zaman de\u011fi\u015ftirme hakk\u0131na sahiptir.\r\n<\/p>\r\n\r\n<br><br>\r\n\r\n<p><strong>HES\u0130AD YK Ba\u015fkan\u0131<\/strong><br>\r\nElvan Tu\u011fsuz G\u00fcven<\/p>\r\n\t\t\t\t<\/div>\n\t\t\t\t<\/div>\n\t\t\t\t\t<\/div>\n\t\t\t\t<\/div>\n\t\t\t\t<\/div>","protected":false},"excerpt":{"rendered":"<p>Gizlilik Politikas\u0131 Hidroelektrik Santralleri Sanayi Ve \u0130\u015f \u0130nsanlar\u0131 Derne\u011fi \u0130ktisadi \u0130\u015fletmesi (HES\u0130AD olarak an\u0131lacakt\u0131r.), kullan\u0131c\u0131lar\u0131m\u0131z\u0131n hizmetlerimizden g\u00fcvenli ve eksiksiz \u015fekilde faydalanmalar\u0131n\u0131 sa\u011flamak amac\u0131yla gizlili\u011fi korumaktad\u0131r. \u0130\u015fbu HES\u0130AD Gizlilik Politikas\u0131 (\u201cPolitika\u201d), \u00fcyelerimizin ki\u015fisel verilerinin 6698 say\u0131l\u0131 Ki\u015fisel Verilerin Korunmas\u0131 Kanunu (\u201cKanun\u201d) ile tamamen uyumlu \u015fekilde i\u015flenmesi ve kullan\u0131c\u0131lar\u0131m\u0131z\u0131 bu konuda bilgilendirmek amac\u0131yla haz\u0131rlanm\u0131\u015ft\u0131r. Bu Politika\u2019n\u0131n amac\u0131;&#8230;<\/p>","protected":false},"author":1,"featured_media":0,"parent":0,"menu_order":0,"comment_status":"closed","ping_status":"closed","template":"r-energy-elementor-page.php","meta":{"_acf_changed":false,"footnotes":""},"class_list":{"0":"post-7251","1":"page","2":"type-page","3":"status-publish","4":"hentry","5":"nt-post-class","6":"","10":"thumb-none","12":"excerpt-none"},"acf":[],"_links":{"self":[{"href":"https:\/\/hesiad.org.tr\/en\/wp-json\/wp\/v2\/pages\/7251","targetHints":{"allow":["GET"]}}],"collection":[{"href":"https:\/\/hesiad.org.tr\/en\/wp-json\/wp\/v2\/pages"}],"about":[{"href":"https:\/\/hesiad.org.tr\/en\/wp-json\/wp\/v2\/types\/page"}],"author":[{"embeddable":true,"href":"https:\/\/hesiad.org.tr\/en\/wp-json\/wp\/v2\/users\/1"}],"replies":[{"embeddable":true,"href":"https:\/\/hesiad.org.tr\/en\/wp-json\/wp\/v2\/comments?post=7251"}],"version-history":[{"count":4,"href":"https:\/\/hesiad.org.tr\/en\/wp-json\/wp\/v2\/pages\/7251\/revisions"}],"predecessor-version":[{"id":7256,"href":"https:\/\/hesiad.org.tr\/en\/wp-json\/wp\/v2\/pages\/7251\/revisions\/7256"}],"wp:attachment":[{"href":"https:\/\/hesiad.org.tr\/en\/wp-json\/wp\/v2\/media?parent=7251"}],"curies":[{"name":"wp","href":"https:\/\/api.w.org\/{rel}","templated":true}]}}